{"id":8,"date":"2023-02-01T17:16:38","date_gmt":"2023-02-01T23:16:38","guid":{"rendered":"https:\/\/popontherocks.com\/radio\/?page_id=8"},"modified":"2026-03-14T22:37:27","modified_gmt":"2026-03-15T04:37:27","slug":"en-vivo","status":"publish","type":"page","link":"https:\/\/popontherocks.com\/radio\/","title":{"rendered":"En vivo"},"content":{"rendered":"\n<div style=\"height:25px\" aria-hidden=\"true\" class=\"wp-block-spacer\"><\/div>\n\n\n\n<div class=\"wp-block-cover is-light\" style=\"min-height:96px;aspect-ratio:unset;\"><span aria-hidden=\"true\" class=\"wp-block-cover__background has-background-dim-70 has-background-dim\" style=\"background-color:#616161\"><\/span><div class=\"wp-block-cover__inner-container is-layout-flow wp-block-cover-is-layout-flow\"><div class=\"wp-block-image\">\n<figure class=\"aligncenter size-full\"><img loading=\"lazy\" decoding=\"async\" width=\"1280\" height=\"150\" src=\"https:\/\/popontherocks.com\/radio\/wp-content\/uploads\/Gif-en-vivo.gif\" alt=\"\" class=\"wp-image-143\"\/><\/figure>\n<\/div>\n\n\n<div class=\"wp-block-cover is-light\" style=\"min-height:50px;aspect-ratio:unset;\"><span aria-hidden=\"true\" class=\"wp-block-cover__background has-luminous-vivid-amber-background-color has-background-dim-100 has-background-dim\"><\/span><div class=\"wp-block-cover__inner-container is-layout-flow wp-block-cover-is-layout-flow\">\n<p class=\"has-text-align-center\">Mandenos su nota de audio a nuestro <a href=\"https:\/\/wa.me\/50375235052\">WhatsApp de cabina: +(503) 7523-5052<\/a> <a href=\"https:\/\/wa.me\/50375203570\"><i class=\"fab fa-whatsapp\"><\/i><\/a><\/p>\n<\/div><\/div>\n\n\n\n<div style=\"height:25px\" aria-hidden=\"true\" class=\"wp-block-spacer\"><\/div>\n\n\n\n<div class=\"wp-block-columns is-not-stacked-on-mobile is-layout-flex wp-container-core-columns-is-layout-9d6595d7 wp-block-columns-is-layout-flex\">\n<div class=\"wp-block-column is-layout-flow wp-block-column-is-layout-flow\">\n\n\n<center>\n<p><span style=\"font-size:14; color:darkred\">\n<i class=\"fas fa-headphones\"><\/i><\/span> <span style=\"font-size:14; color:yellow\">\n\u25ba <span class='page-views'>3,917<\/span> oyentes hasta ahora&#8230; \u00a1y sumando!<\/span><\/p>\n<\/center>\n<\/div>\n\n\n\n<div class=\"wp-block-column is-layout-flow wp-block-column-is-layout-flow\">\n\n<\/div>\n<\/div>\n<\/div><\/div>\n\n\n\n<div class=\"wp-block-cover\"><span aria-hidden=\"true\" class=\"wp-block-cover__background has-black-background-color has-background-dim-100 has-background-dim\"><\/span><div class=\"wp-block-cover__inner-container is-layout-flow wp-block-cover-is-layout-flow\">\n<div style=\"height:25px\" aria-hidden=\"true\" class=\"wp-block-spacer\"><\/div>\n\n\n\n\n\n<center>\n<iframe src=\"https:\/\/tunein.com\/embed\/player\/s351535\/\" style=\"width:100%; height:100px;\" scrolling=\"no\" frameborder=\"no\"><\/iframe>\n<\/center>\n\n\n\n<div style=\"height:40px\" aria-hidden=\"true\" class=\"wp-block-spacer\"><\/div>\n\n\n\n<h2 class=\"wp-block-heading has-text-align-center\">Recientemente programadas:<\/h2>\n\n\n\n\n\n<!--OnlineRadioBox Playlist widget-->\n<div class=\"orbL  cmpct\" id=\"orb_pl_486b3cf83343d13a\">\n    <style media=\"screen\">\n      .orbL{position:relative;box-sizing:border-box;overflow:hidden;font-weight:normal;border:1px solid;text-align:left}.orbL br,.orbL>br{display:none!important;}.orbL p,.orbL>p{margin:0!important;padding:0!important;line-height:normal!important;font-size:inherit!important}.orbL br,.orbL>br{display:none!important}.orbLh{display:block;position:absolute;z-index:100;top:22px;right:10px;margin-top:-12px;width:21px;text-decoration:none!important;cursor:pointer}.orbLh>img{margin:0!important;border:none!important;height:24px!important;-webkit-filter:drop-shadow(2px 2px 0 rgba(47,99,160,.2));filter:drop-shadow(2px 2px 0 rgba(47,99,160,.2))}.orbLt{display:block;box-sizing:border-box;overflow:hidden;padding-left:10px!important;font-weight:normal;line-height:44px!important;min-height:44px;text-decoration:none!important}.orbLti{float:left!important;margin:10px 10px 10px 0!important;height:24px!important;width:44px!important;border:none!important;border-radius:2px!important;opacity:1!important;}.orbLtn{display:block;margin-right:54px!important;font-size:14px!important;font-weight:bold;text-overflow:ellipsis;overflow:hidden;white-space:nowrap}.orbIL{position:relative;overflow:auto;overflow-x:hidden;overflow-y:auto;margin:0!important;padding:0!important;list-style:none!important}.orbILi{box-sizing:border-box;margin:0!important;padding:0 10px!important;list-style:none!important;background-image:none;float:none!important;height: auto!important}.orbILi>a,.orbILi>span{display:block!important;height:auto!important;font-weight:normal!important;text-decoration:none!important;line-height:32px!important;font-size:14px!important;text-overflow:ellipsis;overflow:hidden;white-space:nowrap;-webkit-transition:color .125s;transition:color .125s;border:none!important;text-align:left!important;}.orbILi>a:hover,.orbILi>span:hover{background:transparent!important;text-align:left!important;}.orbILi>a>time,.orbILi>span>time{display:inline-block;font-size:12px!important;width:3em}.orbILi+li{border-style:solid!important;border-width:1px 0 0!important}.orbILs{margin:0!important;padding:0!important;list-style:none!important;display:-webkit-flex;display:-ms-flexbox;display:-webkit-box;display:flex;-webkit-flex-flow:row nowrap;-ms-flex-flow:row nowrap;flex-flow:row nowrap;border-style:solid!important;border-width:0 0 1px!important}.orbILsi{display:inline-block!important;margin:0!important;padding:0!important;height:32px!important;overflow:hidden;-webkit-flex:1 1 auto;-ms-flex:1 1 auto;-webkit-box-flex:1;flex:1 1 auto;-webkit-align-self:baseline;-ms-flex-item-align:baseline;align-self:baseline;text-align:center;font-size:11px!important;float:none!important}.orbILsi + li{border-style:solid!important;border-width:0 0 0 1px!important}.orbILsi > a,.orbILsi > span{display:block;line-height:32px!important;text-decoration:none!important;-webkit-transition:color .125s;transition:color .125s}\n  \/* Compact *\/\n  .cmpct .orbILi>a,.cmpct .orbILi>span{line-height:24px!important;font-size:12px!important}\n  .cmpct .orbILi>a>time,.cmpct .orbILi>span>time{font-size:11px!important}\n  <\/style>\n  <style media=\"screen\" id=\"orb_pl_486b3cf83343d13a_settings\">\/*user customization*\/.orbL{width:auto}.orbL{border-style: solid; border-color:#2f63a0 !important;background:#fff !important}.orbLt{background-color:#212121 !important}\/*common list title bg*\/.orbLtn{color:#ffffff !important}\/*common list title color*\/.orbIL{height:372px}\/*track list height: user height, e.g. 250px - 45px(title) - [33px(schedule, if enabled)] *\/.orbIL,.orbILs{background:#ffffff !important} \/* list bg, schedule bg *\/.orbILi>a,.orbILi>a:visited,.orbILi>span,.orbILi>a:hover>time,.orbILi.a>a>time,.orbILi.a>span>time{color:#444444 !important} \/*item color, hover-item time color, active-item time color *\/.orbILi>a:hover,.orbILi.a>a,.orbILi.a>span,.orbILsi>a:hover,.orbILsi>span{color:#f07700 !important} \/*hover-item color, active-item color, schedule hover-item color, schedule active-item color*\/.orbILi>a>time,.orbILi>span>time,.orbILsi>a{color:#aeaeae !important}\/*item time color, schedule item color*\/.orbILi.a,.orbILsi.a{background:#f3f3f3 !important} \/* active-item bg, schedule active-item bg *\/.orbILs,.orbILi+li,.orbILsi+li{border-color:#eeeeee !important}\/* item border color, schedule border color *\/.orbILs{display:none}<\/style>\n    <a class=\"orbLh\" href=\"https:\/\/onlineradiobox.com\/sv\/\" title=\"Listen on Online Radio Box!\" target=\"_blank\"><img decoding=\"async\" src=\"\/\/ecdn.onlineradiobox.com\/img\/wl.svg\" alt=\"Listen on Online Radio Box!\"><\/a>\n    <a class=\"orbLt\" href=\"https:\/\/onlineradiobox.com\/sv\/popsontherocks\/\" target=\"_blank\">\n      <img decoding=\"async\" class=\"orbLti\" src=\"\/\/cdn.onlineradiobox.com\/img\/l\/0\/145590.v3.png\" alt=\"Pops On The Rocks\" style=\"display: none;\"><span class=\"orbLtn\">Pops On The Rocks<\/span>\n    <\/a>\n    <script>\n      var orbpl_w = orbpl_w || { lang: \"es-es\" };\n      orbpl_w.cmd = orbpl_w.cmd || [];\n      orbpl_w.cmd.push(function() {\n        orbpl_w.init(\"orb_pl_486b3cf83343d13a\");\n      });\n      var s, t; s = document.createElement('script'); s.type = 'text\/javascript';\n      \n        s.src = \"\/\/ecdn.onlineradiobox.com\/js\/plwidget.min.a1649ec0.js\";\n      \n      t = document.getElementsByTagName('script')[0]; t.parentNode.insertBefore(s, t);\n    <\/script><\/div>\n<!--OnlineRadioBox Playlist widget-->\n\n\n\n<div style=\"height:40px\" aria-hidden=\"true\" class=\"wp-block-spacer\"><\/div>\n\n\n\n\n\n<div style=\"height:40px\" aria-hidden=\"true\" class=\"wp-block-spacer\"><\/div>\n\n\n\n<center>\n<iframe loading=\"lazy\" src=\"https:\/\/www3.cbox.ws\/box\/?boxid=3543282&#038;boxtag=o9MGRa\" width=\"100%\" height=\"450\" allowtransparency=\"yes\" allow=\"autoplay\" frameborder=\"0\" marginheight=\"0\" marginwidth=\"0\" scrolling=\"auto\"><\/iframe>\n<\/center>\n<\/div><\/div>\n\n\n\n<div style=\"height:25px\" aria-hidden=\"true\" class=\"wp-block-spacer\"><\/div>\n\n\n\n<div class=\"wp-block-columns is-layout-flex wp-container-core-columns-is-layout-9d6595d7 wp-block-columns-is-layout-flex\">\n<div class=\"wp-block-column is-layout-flow wp-block-column-is-layout-flow\"><div class=\"wp-block-image\">\n<figure class=\"aligncenter size-full\"><a href=\"https:\/\/onlineradiobox.com\/sv\/popsontherocks\/\" target=\"_blank\" rel=\" noreferrer noopener\"><img loading=\"lazy\" decoding=\"async\" width=\"600\" height=\"100\" src=\"https:\/\/popontherocks.com\/radio\/wp-content\/uploads\/Banner-ORB.png\" alt=\"\" class=\"wp-image-185\" srcset=\"https:\/\/popontherocks.com\/radio\/wp-content\/uploads\/Banner-ORB.png 600w, https:\/\/popontherocks.com\/radio\/wp-content\/uploads\/Banner-ORB-300x50.png 300w\" sizes=\"auto, (max-width: 600px) 100vw, 600px\" \/><\/a><\/figure>\n<\/div>\n\n<div class=\"wp-block-image\">\n<figure class=\"aligncenter size-full\"><img loading=\"lazy\" decoding=\"async\" width=\"897\" height=\"146\" src=\"https:\/\/popontherocks.com\/radio\/wp-content\/uploads\/banner_radioonlinelive.jpg\" alt=\"\" class=\"wp-image-191\" srcset=\"https:\/\/popontherocks.com\/radio\/wp-content\/uploads\/banner_radioonlinelive.jpg 897w, https:\/\/popontherocks.com\/radio\/wp-content\/uploads\/banner_radioonlinelive-300x49.jpg 300w, https:\/\/popontherocks.com\/radio\/wp-content\/uploads\/banner_radioonlinelive-768x125.jpg 768w\" sizes=\"auto, (max-width: 897px) 100vw, 897px\" \/><\/figure>\n<\/div>\n\n<div class=\"wp-block-image\">\n<figure class=\"aligncenter size-full\"><img loading=\"lazy\" decoding=\"async\" width=\"600\" height=\"100\" src=\"https:\/\/popontherocks.com\/radio\/wp-content\/uploads\/banner_zeno_fm.png\" alt=\"\" class=\"wp-image-186\" srcset=\"https:\/\/popontherocks.com\/radio\/wp-content\/uploads\/banner_zeno_fm.png 600w, https:\/\/popontherocks.com\/radio\/wp-content\/uploads\/banner_zeno_fm-300x50.png 300w\" sizes=\"auto, (max-width: 600px) 100vw, 600px\" \/><\/figure>\n<\/div>\n\n<div class=\"wp-block-image\">\n<figure class=\"aligncenter size-full\"><a href=\"https:\/\/radiosdeelsalvador.com\/602-pop-on-the-rocks-radio.html\" target=\"_blank\" rel=\" noreferrer noopener\"><img loading=\"lazy\" decoding=\"async\" width=\"600\" height=\"100\" src=\"https:\/\/popontherocks.com\/radio\/wp-content\/uploads\/Banner-RadiosElSalvador_com-transmision-24hrs.png\" alt=\"\" class=\"wp-image-390\" srcset=\"https:\/\/popontherocks.com\/radio\/wp-content\/uploads\/Banner-RadiosElSalvador_com-transmision-24hrs.png 600w, https:\/\/popontherocks.com\/radio\/wp-content\/uploads\/Banner-RadiosElSalvador_com-transmision-24hrs-300x50.png 300w\" sizes=\"auto, (max-width: 600px) 100vw, 600px\" \/><\/a><\/figure>\n<\/div>\n\n<div class=\"wp-block-image\">\n<figure class=\"aligncenter size-full\"><a href=\"https:\/\/tunein.com\/radio\/Radio-Pop-On-The-Rocks-s351535\/\" target=\"_blank\" rel=\" noreferrer noopener\"><img loading=\"lazy\" decoding=\"async\" width=\"600\" height=\"100\" src=\"http:\/\/popontherocks.com\/radio\/wp-content\/uploads\/banner-tunein.png\" alt=\"\" class=\"wp-image-421\" srcset=\"https:\/\/popontherocks.com\/radio\/wp-content\/uploads\/banner-tunein.png 600w, https:\/\/popontherocks.com\/radio\/wp-content\/uploads\/banner-tunein-300x50.png 300w\" sizes=\"auto, (max-width: 600px) 100vw, 600px\" \/><\/a><\/figure>\n<\/div><\/div>\n\n\n\n<div class=\"wp-block-column is-layout-flow wp-block-column-is-layout-flow\"><div class=\"wp-block-image\">\n<figure class=\"aligncenter size-full\"><img loading=\"lazy\" decoding=\"async\" width=\"600\" height=\"100\" src=\"https:\/\/popontherocks.com\/radio\/wp-content\/uploads\/Banner-Radio-Mixer.png\" alt=\"\" class=\"wp-image-188\" srcset=\"https:\/\/popontherocks.com\/radio\/wp-content\/uploads\/Banner-Radio-Mixer.png 600w, https:\/\/popontherocks.com\/radio\/wp-content\/uploads\/Banner-Radio-Mixer-300x50.png 300w\" sizes=\"auto, (max-width: 600px) 100vw, 600px\" \/><\/figure>\n<\/div>\n\n<div class=\"wp-block-image\">\n<figure class=\"aligncenter size-full\"><img loading=\"lazy\" decoding=\"async\" width=\"600\" height=\"100\" src=\"https:\/\/popontherocks.com\/radio\/wp-content\/uploads\/banner-radios_com_sv.png\" alt=\"\" class=\"wp-image-189\" srcset=\"https:\/\/popontherocks.com\/radio\/wp-content\/uploads\/banner-radios_com_sv.png 600w, https:\/\/popontherocks.com\/radio\/wp-content\/uploads\/banner-radios_com_sv-300x50.png 300w\" sizes=\"auto, (max-width: 600px) 100vw, 600px\" \/><\/figure>\n<\/div>\n\n<div class=\"wp-block-image\">\n<figure class=\"aligncenter size-full\"><img loading=\"lazy\" decoding=\"async\" width=\"600\" height=\"100\" src=\"https:\/\/popontherocks.com\/radio\/wp-content\/uploads\/Banner-Google-Play-App.png\" alt=\"\" class=\"wp-image-190\" srcset=\"https:\/\/popontherocks.com\/radio\/wp-content\/uploads\/Banner-Google-Play-App.png 600w, https:\/\/popontherocks.com\/radio\/wp-content\/uploads\/Banner-Google-Play-App-300x50.png 300w\" sizes=\"auto, (max-width: 600px) 100vw, 600px\" \/><\/figure>\n<\/div>\n\n<div class=\"wp-block-image\">\n<figure class=\"aligncenter size-full\"><a href=\"https:\/\/play.google.com\/store\/apps\/details?id=radiosonlinegas.sv\" target=\"_blank\" rel=\" noreferrer noopener\"><img loading=\"lazy\" decoding=\"async\" width=\"600\" height=\"100\" src=\"https:\/\/popontherocks.com\/radio\/wp-content\/uploads\/Banner-CREO-transmision-24hrs.png\" alt=\"\" class=\"wp-image-391\" srcset=\"https:\/\/popontherocks.com\/radio\/wp-content\/uploads\/Banner-CREO-transmision-24hrs.png 600w, https:\/\/popontherocks.com\/radio\/wp-content\/uploads\/Banner-CREO-transmision-24hrs-300x50.png 300w\" sizes=\"auto, (max-width: 600px) 100vw, 600px\" \/><\/a><\/figure>\n<\/div>\n\n<div class=\"wp-block-image\">\n<figure class=\"aligncenter size-full\"><a href=\"https:\/\/www.claromusica.com\/home\/autoPlayRadio\/177058\" target=\"_blank\" rel=\" noreferrer noopener\"><img loading=\"lazy\" decoding=\"async\" width=\"600\" height=\"100\" src=\"https:\/\/popontherocks.com\/radio\/wp-content\/uploads\/banner_claro_musica.png\" alt=\"\" class=\"wp-image-422\" srcset=\"https:\/\/popontherocks.com\/radio\/wp-content\/uploads\/banner_claro_musica.png 600w, https:\/\/popontherocks.com\/radio\/wp-content\/uploads\/banner_claro_musica-300x50.png 300w\" sizes=\"auto, (max-width: 600px) 100vw, 600px\" \/><\/a><\/figure>\n<\/div><\/div>\n<\/div>\n\n\n\n<div style=\"height:20px\" aria-hidden=\"true\" class=\"wp-block-spacer\"><\/div>\n\n\n\n<p><\/p>\n","protected":false},"excerpt":{"rendered":"<div class=\"mh-excerpt\"><p>Una radio para el adulto joven y los eternos j\u00f3venes de coraz\u00f3n que gustan de la buena m\u00fasica bien escogida de todos los tiempos de la Era del Rock, espec\u00edficamente desde los 70s hasta los 2020s. Esta radio es para quienes en alg\u00fan momento experimentaron y disfrutaron los sonidos del rock en sus respectivas d\u00e9cadas y en sus variados subg\u00e9neros: alternativo, hard rock, glam rock, art rock, rock progresivo, soft rock, indie, punk, power pop, y much\u00edsimos m\u00e1s, brindando a la vez informaci\u00f3n hist\u00f3rica tanto como actual de los protagonistas y el curso de la historia de \u00e9ste fen\u00f3meno musical que nadie ha podido igualar<\/p>\n<\/div>","protected":false},"author":2,"featured_media":366,"parent":0,"menu_order":5,"comment_status":"closed","ping_status":"closed","template":"","meta":{"footnotes":""},"class_list":["post-8","page","type-page","status-publish","has-post-thumbnail","hentry"],"_links":{"self":[{"href":"https:\/\/popontherocks.com\/radio\/wp-json\/wp\/v2\/pages\/8","targetHints":{"allow":["GET"]}}],"collection":[{"href":"https:\/\/popontherocks.com\/radio\/wp-json\/wp\/v2\/pages"}],"about":[{"href":"https:\/\/popontherocks.com\/radio\/wp-json\/wp\/v2\/types\/page"}],"author":[{"embeddable":true,"href":"https:\/\/popontherocks.com\/radio\/wp-json\/wp\/v2\/users\/2"}],"replies":[{"embeddable":true,"href":"https:\/\/popontherocks.com\/radio\/wp-json\/wp\/v2\/comments?post=8"}],"version-history":[{"count":120,"href":"https:\/\/popontherocks.com\/radio\/wp-json\/wp\/v2\/pages\/8\/revisions"}],"predecessor-version":[{"id":431,"href":"https:\/\/popontherocks.com\/radio\/wp-json\/wp\/v2\/pages\/8\/revisions\/431"}],"wp:featuredmedia":[{"embeddable":true,"href":"https:\/\/popontherocks.com\/radio\/wp-json\/wp\/v2\/media\/366"}],"wp:attachment":[{"href":"https:\/\/popontherocks.com\/radio\/wp-json\/wp\/v2\/media?parent=8"}],"curies":[{"name":"wp","href":"https:\/\/api.w.org\/{rel}","templated":true}]}}